{"id":61,"date":"2012-10-29T22:40:40","date_gmt":"2012-10-29T21:40:40","guid":{"rendered":"http:\/\/www.snookerlounge.at\/wp\/?page_id=61"},"modified":"2023-08-31T11:12:36","modified_gmt":"2023-08-31T09:12:36","slug":"der-club","status":"publish","type":"page","link":"http:\/\/www.snookerlounge.at\/?page_id=61","title":{"rendered":"Der Club"},"content":{"rendered":"\n<figure class=\"wp-block-image\"><img decoding=\"async\" src=\"http:\/\/www.snookerlounge.at\/wp-content\/uploads\/2019\/01\/Bild-032_1.jpg\" alt=\"\"\/><\/figure>\n\n\n\n<p>Spielen Sie in unverrauchter Luft, auf top Material, unabh\u00e4ngig von \u00d6ffnungszeiten und genie\u00dfen Sie im sch\u00f6nsten Club \u00d6sterreichs eine gem\u00fctliche und freundliche Atmosph\u00e4re. Wir verf\u00fcgen \u00fcber <strong>6<\/strong> x 12 Fu\u00df Snookertische auf<strong> ca. 350<\/strong>qm, die Ihnen jederzeit zur Verf\u00fcgung stehen.<\/p>\n\n\n\n<p><\/p>\n\n\n\n<h2 class=\"wp-block-heading\">Anreise<\/h2>\n\n\n\n<hr class=\"wp-block-separator has-css-opacity\"\/>\n\n\n\n<div align=\"left\"><iframe loading=\"lazy\" src=\"http:\/\/maps.google.at\/maps?f=q&amp;source=s_q&amp;hl=de&amp;geocode=&amp;q=Snookerlounge+Graz,+Plabutscherstra%C3%9Fe,+Graz&amp;aq=0&amp;oq=snooker&amp;sll=47.088164,15.402675&amp;sspn=0.02136,0.041757&amp;ie=UTF8&amp;hq=Snookerlounge&amp;hnear=Plabutscherstra%C3%9Fe,+Graz,+Steiermark&amp;ll=47.088164,15.402675&amp;spn=0.00534,0.010707&amp;t=m&amp;z=14&amp;iwloc=A&amp;cid=9175874812869352258&amp;output=embed\" width=\"500\" height=\"400\" frameborder=\"0\" marginwidth=\"0\" marginheight=\"0\" scrolling=\"no\"><\/iframe><\/div>\n\n\n\n<p><small><a style=\"color: #0000ff; text-align: left;\" href=\"http:\/\/maps.google.at\/maps?f=q&amp;source=embed&amp;hl=de&amp;geocode=&amp;q=Snookerlounge+Graz,+Plabutscherstra%C3%9Fe,+Graz&amp;aq=0&amp;oq=snooker&amp;sll=47.088164,15.402675&amp;sspn=0.02136,0.041757&amp;ie=UTF8&amp;hq=Snookerlounge&amp;hnear=Plabutscherstra%C3%9Fe,+Graz,+Steiermark&amp;ll=47.088164,15.402675&amp;spn=0.00534,0.010707&amp;t=m&amp;z=14&amp;iwloc=A&amp;cid=9175874812869352258\">Snookerlounge Graz<\/a> auf einer gr\u00f6\u00dferen Karte anzeigen<\/small><br><strong>ACHTUNG NEUE ADRESSE!!<\/strong><\/p>\n\n\n\n<p><\/p>\n\n\n\n<p>Waagner-Biro-Stra\u00dfe 20, 8020 Graz<\/p>\n\n\n\n<h2 class=\"wp-block-heading\">Etiquette<\/h2>\n\n\n\n<hr class=\"wp-block-separator has-css-opacity\"\/>\n\n\n<div class=\"wp-block-image\">\n<figure class=\"aligncenter\"><a href=\"http:\/\/www.snookerlounge.at\/wp-content\/uploads\/2012\/10\/1.jpg\"><img decoding=\"async\" loading=\"lazy\" width=\"150\" height=\"150\" src=\"http:\/\/www.snookerlounge.at\/wp-content\/uploads\/2012\/10\/1-150x150.jpg\" alt=\"\" class=\"wp-image-73\"\/><\/a><\/figure><\/div>\n\n\n<p><strong>Snooker kann getrost als einer der letzten &#8222;Gentlemen Sports&#8220; bezeichnet werden. Von den Spielern &#8211; auf allen Leveln und zu jeder Zeit &#8211; wird ein hohes Ma\u00df an Etiquette, Fairness und Benehmen erwartet. Dies gilt f\u00fcr ein gro\u00dfes Spiel der Pro-Tour genauso wie f\u00fcr ein kleines, lokales Club-Match. <\/strong><\/p>\n\n\n\n<p><strong>Der Verein Top Snooker Graz und die <em>Snookerlounge<\/em> legen gro\u00dfen Wert auf diesen Verhaltenskodex.<\/strong><\/p>\n\n\n\n<p><strong>Im Match\/Turnier:<\/strong><\/p>\n\n\n\n<p>1. Shake hands mit dem Gegner am Beginn und am Ende des Spiels<br>2. Shake hands mit dem Schiedsrichter zu Beginn und am Ende des Spiels<br>3. Sofortige und unaufgeforderte Bekanntgabe von eigenen Fouls<br>4. Bewegen Sie sich nicht im Blickfeld des Spielers, wenn m\u00f6glich Platz nehmen oder ruhig stehen bleiben<br>5. W\u00e4hrend des Spieles nicht \u00fcber Gl\u00fcck des Gegners oder eigenes Ungl\u00fcck lamentieren<br>6. W\u00e4hrend des Spiels nicht \u00fcber die Spielverh\u00e4ltnisse klagen (Turnierpersonal, Ger\u00e4te, Ausr\u00fcstungsgegenst\u00e4nde oder Spielort in Gegenwart von anderen Personen als den zust\u00e4ndigen Funktion\u00e4ren des Ausrichters, Verbands-Funktion\u00e4ren oder den Mitgliedern der Turnierorganisation)<br>7. Versuchen Sie nicht zu husten, Tip-kreiden etc. sobald sich der Gegner zum Sto\u00df gebeugt hat<br>8. Nicht aufgeben (Cue abschrauben, Zwischenrufen etc.) solange der Gegner noch am Tisch ist. Warten Sie bis sein Break zu Ende ist<br>9. Disputieren Sie nicht mit dem Schiedsrichter oder Gegner<br>10. Folgende Handlungen k\u00f6nnen zum Ausschluss von Turnieren f\u00fchren:<br>&#8212; Absichtliche St\u00f6rung der Veranstaltung (durch Sprache, ablenkendes Verhalten oder Reden, w\u00e4hrend der Gegner am Tisch ist)<br>&#8212; Absichtlich extrem langsam gef\u00fchrtes Spiel<br>&#8212; Laute, profane und derbe Sprache<br>&#8212; Trunkenheit oder Rauschzustand<\/p>\n\n\n\n<p><strong>Beim Training\/im Club:<\/strong><\/p>\n\n\n\n<p>1. Respektieren Sie die anderen Spieler und machen sie so wenig L\u00e4rm als m\u00f6glich<br>2. Schalten Sie Ihr Handy auf lautlos, verlassen Sie zum Telefonieren das Clublokal<br>3. Gehen Sie nicht am Tisch vorbei, wenn ein Spieler gerade einen Sto\u00df ausf\u00fchrt<br>4. Unterbrechen Sie kein laufendes Spiel, es sein denn Sie werden von den Spielern dazu aufgefordert<br>5. Achten Sie auf die Tische und das Equipment<br>6. Beachten Sie bitte das <strong>absolute<\/strong> <strong>Rauchverbot<\/strong> im Clublokal!<\/p>\n\n\n\n<hr class=\"wp-block-separator has-css-opacity\"\/>\n\n\n\n<h2 class=\"wp-block-heading\">ASL\/Open Turniere<\/h2>\n\n\n\n<figure class=\"wp-block-image\"><img decoding=\"async\" src=\"http:\/\/www.snookerlounge.at\/wp-content\/uploads\/2019\/01\/Pokale.jpg\" alt=\"\"\/><\/figure>\n\n\n\n<p>Die <strong>Snookerlounge Graz<\/strong> ist auch Veranstaltungsort f\u00fcr zahlreiche Turniere der <strong><a href=\"http:\/\/www.austriansnooker.at\" target=\"_blank\" rel=\"noreferrer noopener\" aria-label=\" (\u00f6ffnet in neuem Tab)\">Austrian Snooker League<\/a><\/strong> (ASL) als auch der offenen Preisgeldturniere und der <strong>steirischen Snooker Landesmeisterschaften<\/strong>.<\/p>\n","protected":false},"excerpt":{"rendered":"<p>Spielen Sie in unverrauchter Luft, auf top Material, unabh\u00e4ngig von \u00d6ffnungszeiten und genie\u00dfen Sie im sch\u00f6nsten Club \u00d6sterreichs eine gem\u00fctliche und freundliche Atmosph\u00e4re. Wir verf\u00fcgen \u00fcber 6 x 12 Fu\u00df Snookertische auf ca. 350qm, die Ihnen jederzeit zur Verf\u00fcgung stehen. Anreise Snookerlounge Graz auf einer gr\u00f6\u00dferen Karte anzeigenACHTUNG NEUE ADRESSE!! Waagner-Biro-Stra\u00dfe 20, 8020 Graz Etiquette [&hellip;]<\/p>\n","protected":false},"author":1,"featured_media":0,"parent":0,"menu_order":0,"comment_status":"closed","ping_status":"open","template":"","meta":{"footnotes":"","_links_to":"","_links_to_target":""},"_links":{"self":[{"href":"http:\/\/www.snookerlounge.at\/index.php?rest_route=\/wp\/v2\/pages\/61"}],"collection":[{"href":"http:\/\/www.snookerlounge.at\/index.php?rest_route=\/wp\/v2\/pages"}],"about":[{"href":"http:\/\/www.snookerlounge.at\/index.php?rest_route=\/wp\/v2\/types\/page"}],"author":[{"embeddable":true,"href":"http:\/\/www.snookerlounge.at\/index.php?rest_route=\/wp\/v2\/users\/1"}],"replies":[{"embeddable":true,"href":"http:\/\/www.snookerlounge.at\/index.php?rest_route=%2Fwp%2Fv2%2Fcomments&post=61"}],"version-history":[{"count":42,"href":"http:\/\/www.snookerlounge.at\/index.php?rest_route=\/wp\/v2\/pages\/61\/revisions"}],"predecessor-version":[{"id":1047,"href":"http:\/\/www.snookerlounge.at\/index.php?rest_route=\/wp\/v2\/pages\/61\/revisions\/1047"}],"wp:attachment":[{"href":"http:\/\/www.snookerlounge.at\/index.php?rest_route=%2Fwp%2Fv2%2Fmedia&parent=61"}],"curies":[{"name":"wp","href":"https:\/\/api.w.org\/{rel}","templated":true}]}}