{"id":64,"date":"2012-10-29T22:45:50","date_gmt":"2012-10-29T21:45:50","guid":{"rendered":"http:\/\/www.snookerlounge.at\/wp\/?page_id=64"},"modified":"2023-08-31T18:11:21","modified_gmt":"2023-08-31T16:11:21","slug":"mitgliedschaft-oder-was-muss-ich-tun-um-im-club-spielen-zu-durfen","status":"publish","type":"page","link":"http:\/\/www.snookerlounge.at\/?page_id=64","title":{"rendered":"Mitgliedschaft"},"content":{"rendered":"<p><a href=\"http:\/\/www.snookerlounge.at\/wp-content\/uploads\/2012\/10\/bild-070_200_134.jpg\"><img decoding=\"async\" loading=\"lazy\" class=\"alignright size-full wp-image-65\" title=\"bild 070_200_134\" src=\"http:\/\/www.snookerlounge.at\/wp-content\/uploads\/2012\/10\/bild-070_200_134.jpg\" alt=\"\" width=\"200\" height=\"134\" \/><\/a>In der Snookerlounge Graz sind Spieler jeder Spielst\u00e4rke willkommen, egal ob Anf\u00e4nger, Fortgeschrittene oder Turnierspieler, wichtig sind uns Werte wie Freude am Spiel,\u00a0Fairness und\u00a0Freundlichkeit!<\/p>\n<p>Um sich den Spielbetrieb anzusehen, ein paar Kugeln zu spielen und alles weitere zu\u00a0besprechen entweder direkt vorbeikommen, oder schicken Sie uns eine E-mail (<a href=\"mailto:office@snookerlounge.at\">office@snookerlounge.at<\/a>)\u00a0oder rufen direkt Michael Peyr (Tel. 0650 5235035) zwecks\u00a0Terminvereinbarung an!<\/p>\n<p align=\"left\">Es gibt\u00a0<span style=\"text-decoration: underline;\">zwei Arten<\/span> der Mitgliedschaft und somit auch zwei M\u00f6glichkeiten bei uns zu spielen:<\/p>\n<p><strong>01. <\/strong><span style=\"text-decoration: underline;\">Vollmitgliedschaft<\/span>: <strong>60 \u20ac\/Monat <\/strong>&#8211; spielen und trainieren rund um die Uhr, das ganze Jahr! (einmalige Einschreibgeb\u00fchr in der H\u00f6he von \u20ac 50,-)<\/p>\n<p><strong>02.<\/strong> <span style=\"text-decoration: underline;\">Zeitmitgliedschaft<\/span>: <strong>15 \u20ac pro Besuch. <\/strong>Eine Zeitmitgliedschaft berechtigt zum Spielen in unserem Club. Um eine\u00a0Zeitmitgliedschaft nutzen zu k\u00f6nnen, muss daf\u00fcr mindestens ein Mitglied im Clubraum anwesend sein. Dieses Mitglied hat die Verantwortung f\u00fcr den\/die Gastspieler. Sollte das Vollmitglied den Club verlassen und niemand anderes anwesend sein, so endet in diesem Moment die Zeitmitgliedschaft.<\/p>\n<p>F\u00fcr Jugendliche haben wir selbstverst\u00e4ndlich Sonderkonditionen. Fragen Sie nach!<\/p>\n","protected":false},"excerpt":{"rendered":"<p>In der Snookerlounge Graz sind Spieler jeder Spielst\u00e4rke willkommen, egal ob Anf\u00e4nger, Fortgeschrittene oder Turnierspieler, wichtig sind uns Werte wie Freude am Spiel,\u00a0Fairness und\u00a0Freundlichkeit! Um sich den Spielbetrieb anzusehen, ein paar Kugeln zu spielen und alles weitere zu\u00a0besprechen entweder direkt vorbeikommen, oder schicken Sie uns eine E-mail (office@snookerlounge.at)\u00a0oder rufen direkt Michael Peyr (Tel. 0650 5235035) [&hellip;]<\/p>\n","protected":false},"author":1,"featured_media":0,"parent":0,"menu_order":0,"comment_status":"closed","ping_status":"open","template":"","meta":{"footnotes":"","_links_to":"","_links_to_target":""},"_links":{"self":[{"href":"http:\/\/www.snookerlounge.at\/index.php?rest_route=\/wp\/v2\/pages\/64"}],"collection":[{"href":"http:\/\/www.snookerlounge.at\/index.php?rest_route=\/wp\/v2\/pages"}],"about":[{"href":"http:\/\/www.snookerlounge.at\/index.php?rest_route=\/wp\/v2\/types\/page"}],"author":[{"embeddable":true,"href":"http:\/\/www.snookerlounge.at\/index.php?rest_route=\/wp\/v2\/users\/1"}],"replies":[{"embeddable":true,"href":"http:\/\/www.snookerlounge.at\/index.php?rest_route=%2Fwp%2Fv2%2Fcomments&post=64"}],"version-history":[{"count":13,"href":"http:\/\/www.snookerlounge.at\/index.php?rest_route=\/wp\/v2\/pages\/64\/revisions"}],"predecessor-version":[{"id":1051,"href":"http:\/\/www.snookerlounge.at\/index.php?rest_route=\/wp\/v2\/pages\/64\/revisions\/1051"}],"wp:attachment":[{"href":"http:\/\/www.snookerlounge.at\/index.php?rest_route=%2Fwp%2Fv2%2Fmedia&parent=64"}],"curies":[{"name":"wp","href":"https:\/\/api.w.org\/{rel}","templated":true}]}}