{"id":950,"date":"2019-01-28T19:28:27","date_gmt":"2019-01-28T18:28:27","guid":{"rendered":"http:\/\/www.snookerlounge.at\/?page_id=950"},"modified":"2023-08-31T11:16:26","modified_gmt":"2023-08-31T09:16:26","slug":"willkommen-bien-venue-welcome","status":"publish","type":"page","link":"http:\/\/www.snookerlounge.at\/","title":{"rendered":"Willkommen!"},"content":{"rendered":"\n<figure class=\"wp-block-image\"><img decoding=\"async\" src=\"http:\/\/www.snookerlounge.at\/wp-content\/uploads\/2019\/01\/snookerlounge graz.jpg\" alt=\"\" class=\"wp-image-954\"\/><\/figure>\n\n\n\n<p>Ein herzliches Willkommen auf der Seite der Snookerlounge Graz!<\/p>\n\n\n\n<p class=\"has-text-color has-link-color has-x-large-font-size wp-elements-5d4be4103c912fe2b411f6b43647bbdf\" style=\"color:#dc1f1f\"><strong>ACHTUNG NEUE ADRESSE!!!<\/strong><\/p>\n\n\n\n<p class=\"has-vivid-red-color has-text-color has-link-color has-large-font-size wp-elements-7b4ac82ff71d89118d809efbced2a4d7\">Waagner-Biro-Stra\u00dfe 20, 8020 Graz<\/p>\n\n\n\n<p><\/p>\n\n\n\n<p><\/p>\n\n\n\n<p>Hier finden sie alles Wissenswerte \u00fcber unseren Club, welche Spielm\u00f6glichkeiten er bietet und f\u00fcr Interessierte auch brandaktuelle Infos \u00fcber das Turniergeschehen rund um Snooker, seien es Hobby-, Preisgeld- oder Turniere der Austrian Snooker League (ASL).<\/p>\n\n\n\n<figure class=\"wp-block-image\"><a href=\"https:\/\/de-de.facebook.com\/snookerlounge.graz\/\" target=\"_blank\" rel=\"noreferrer noopener\"><img decoding=\"async\" src=\"http:\/\/www.snookerlounge.at\/wp-content\/uploads\/2019\/01\/SL_FB.jpg\" alt=\"SL-FB\"\/><\/a><\/figure>\n\n\n\n<p>Oder besuchen Sie uns auf unserer <a href=\"https:\/\/de-de.facebook.com\/snookerlounge.graz\/\">Facebook<\/a> Seite!<\/p>\n","protected":false},"excerpt":{"rendered":"<p>Ein herzliches Willkommen auf der Seite der Snookerlounge Graz! ACHTUNG NEUE ADRESSE!!! Waagner-Biro-Stra\u00dfe 20, 8020 Graz Hier finden sie alles Wissenswerte \u00fcber unseren Club, welche Spielm\u00f6glichkeiten er bietet und f\u00fcr Interessierte auch brandaktuelle Infos \u00fcber das Turniergeschehen rund um Snooker, seien es Hobby-, Preisgeld- oder Turniere der Austrian Snooker League (ASL). Oder besuchen Sie uns [&hellip;]<\/p>\n","protected":false},"author":1,"featured_media":0,"parent":0,"menu_order":0,"comment_status":"closed","ping_status":"closed","template":"","meta":{"footnotes":"","_links_to":"","_links_to_target":""},"_links":{"self":[{"href":"http:\/\/www.snookerlounge.at\/index.php?rest_route=\/wp\/v2\/pages\/950"}],"collection":[{"href":"http:\/\/www.snookerlounge.at\/index.php?rest_route=\/wp\/v2\/pages"}],"about":[{"href":"http:\/\/www.snookerlounge.at\/index.php?rest_route=\/wp\/v2\/types\/page"}],"author":[{"embeddable":true,"href":"http:\/\/www.snookerlounge.at\/index.php?rest_route=\/wp\/v2\/users\/1"}],"replies":[{"embeddable":true,"href":"http:\/\/www.snookerlounge.at\/index.php?rest_route=%2Fwp%2Fv2%2Fcomments&post=950"}],"version-history":[{"count":13,"href":"http:\/\/www.snookerlounge.at\/index.php?rest_route=\/wp\/v2\/pages\/950\/revisions"}],"predecessor-version":[{"id":1050,"href":"http:\/\/www.snookerlounge.at\/index.php?rest_route=\/wp\/v2\/pages\/950\/revisions\/1050"}],"wp:attachment":[{"href":"http:\/\/www.snookerlounge.at\/index.php?rest_route=%2Fwp%2Fv2%2Fmedia&parent=950"}],"curies":[{"name":"wp","href":"https:\/\/api.w.org\/{rel}","templated":true}]}}